{"id":206,"date":"2024-05-14T06:22:41","date_gmt":"2024-05-14T06:22:41","guid":{"rendered":"https:\/\/multicoberturapuig.com\/?page_id=206"},"modified":"2024-05-28T08:17:35","modified_gmt":"2024-05-28T06:17:35","slug":"politica-de-cookies","status":"publish","type":"page","link":"https:\/\/multicoberturapuig.com\/cat\/politica-de-cookies\/","title":{"rendered":"Pol\u00edtica de cookies"},"content":{"rendered":"<div data-elementor-type=\"wp-page\" data-elementor-id=\"206\" class=\"elementor elementor-206\" data-elementor-post-type=\"page\">\n\t\t\t\t<div class=\"elementor-element elementor-element-c1b37fb e-flex e-con-boxed e-con e-parent\" data-id=\"c1b37fb\" data-element_type=\"container\">\n\t\t\t\t\t<div class=\"e-con-inner\">\n\t\t\t\t\t<\/div>\n\t\t\t\t<\/div>\n\t\t<div class=\"elementor-element elementor-element-48a4fe6 e-flex e-con-boxed e-con e-parent\" data-id=\"48a4fe6\" data-element_type=\"container\">\n\t\t\t\t\t<div class=\"e-con-inner\">\n\t\t\t\t<div class=\"elementor-element elementor-element-35f4344 elementor-widget elementor-widget-text-editor\" data-id=\"35f4344\" data-element_type=\"widget\" data-widget_type=\"text-editor.default\">\n\t\t\t\t<div class=\"elementor-widget-container\">\n\t\t\t\t\t\t\t\t\t<p>Multi Cobertura Puig \u2013 Albert Puig Grimal, titular d'aquest Lloc Web www.multicoberturapuig.com, utilitza cookies pr\u00f2pies i de tercers per a diferents finalitats. Multi Cobertura Puig \u2013 Albert Puig Grimal recorre a l'\u00fas de cookies als efectes de complir les exig\u00e8ncies legals previstes a la Llei 34\/2002, d'11 de juliol, de serveis de la societat de la informaci\u00f3 i de comer\u00e7 electr\u00f2nic (LSSI).<\/p>\n<p>Aquesta Pol\u00edtica de Cookies t\u00e9 per objecte informar-vos de manera clara, precisa i completa sobre les cookies que utilitzem, la informaci\u00f3 que recopilem a trav\u00e9s d'aquestes i per a quines finalitats s'utilitza aquesta informaci\u00f3 tal com estableix l'article 22.2 de la LSSI.<\/p>\n<p><strong>QU\u00c8 S\u00d3N LES COOKIES I QUINA \u00c9S LA SEVA FINALITAT?<\/strong><\/p>\n<p>Una galeta \u00e9s un fitxer que s'emmagatzema a l'ordinador, tauleta, smartphone o qualsevol altre dispositiu de l'usuari, amb la finalitat de demanar i emmagatzemar informaci\u00f3 sobre l'\u00fas, per part d'aquest \u00faltim, del Lloc Web (article 22.2 LSSI) .<\/p>\n<p><strong>QUI \u00c9S EL RESPONSABLE?<\/strong><\/p>\n<p>Les cookies utilitzades a la p\u00e0gina web s\u00f3n tractades per Multi Cobertura Puig \u2013 Albert Puig Grimal o tercers amb les seves finalitats i per\u00edode de conservaci\u00f3, establerts a l'apartat quart de la present pol\u00edtica de cookies.<\/p>\n<p><strong>QUIN TIPUS DE COOKIES EXISTEIXEN?<\/strong><\/p>\n<p>A continuaci\u00f3, s'exposa una classificaci\u00f3 de les galetes que existeixen i poden arribar a ser utilitzades al nostre Lloc Web, tenint en compte que una mateixa galeta pot estar inclosa en m\u00e9s d'una categoria.<br>Segons l'entitat que les gestiona<\/p>\n<p><span style=\"text-decoration: underline;\">Cookies pr\u00f2pies:<\/span> aquelles que s'envien al vostre equip des dels nostres propis equips o dominis i des del qual prestem el servei que ens sol\u00b7licita.<\/p>\n<p><span style=\"text-decoration: underline;\">Cookies de tercers:<\/span> aquelles que s'envien al vostre equip des d'un equip o domini que no \u00e9s gestionat per nosaltres, sin\u00f3 per una altra entitat col\u00b7laboradora.<\/p>\n<p>Segons el termini de temps que romanen actives<\/p>\n<p><span style=\"text-decoration: underline;\">Cookies de sessi\u00f3:<\/span> s\u00f3n aquelles dissenyades per demanar i emmagatzemar dades mentre l'usuari accedeix a una p\u00e0gina web. Se solen emprar per emmagatzemar informaci\u00f3 que nom\u00e9s interessa conservar per a la prestaci\u00f3 del servei sol\u00b7licitat per l'usuari en una sola ocasi\u00f3 (per exemple, una llista de productes adquirits) i desapareixen en acabar la sessi\u00f3.<\/p>\n<p><span style=\"text-decoration: underline;\">Cookies persistents:<\/span> s\u00f3n aquelles en qu\u00e8 les dades segueixen emmagatzemades al terminal i poden ser accedides i tractades durant un per\u00edode definit pel responsable de la galeta, i que pot anar d'uns minuts a diversos anys.<\/p>\n<p><strong>Segons la finalitat<\/strong><\/p>\n<p><span style=\"text-decoration: underline;\">Galetes t\u00e8cniques:<\/span> s\u00f3n aquelles que permeten la navegaci\u00f3 a trav\u00e9s del Lloc Web, incloent-hi aquelles utilitzades per a la gesti\u00f3 del Lloc Web i l'habilitaci\u00f3 de les seves funcions i serveis (p. ex.: controlar el tr\u00e0nsit i la comunicaci\u00f3 de dades, identificar la sessi\u00f3, accedir a parts d'acc\u00e9s restringit, recordar els elements que integren una comanda, fer el proc\u00e9s de compra d'una comanda, gestionar el pagament, etc.). Aquestes galetes estaran exceptuades del compliment de les obligacions establertes a l'article 22.2 de la LSSI quan permetin prestar el servei sol\u00b7licitat per l'usuari. No obstant aix\u00f2, si aquestes galetes s'utilitzen per a finalitats no exemptes, quedaran subjectes a aquestes obligacions.<\/p>\n<p><span style=\"text-decoration: underline;\">Cookies de personalitzaci\u00f3:<\/span> s\u00f3n aquelles que permeten recordar informaci\u00f3 perqu\u00e8 pugueu accedir al Lloc Web amb determinades caracter\u00edstiques que poden diferenciar la vostra experi\u00e8ncia de la d'altres usuaris (p.ex.: l'idioma, el nombre de resultats a mostrar quan l'usuari realitza una cerca, l'aspecte o contingut del servei en funci\u00f3 del tipus de navegador a trav\u00e9s del qual lusuari accedeix al servei o de la regi\u00f3 des de la qual accedeix al servei, etc.). Si \u00e9s el mateix usuari qui escull aquestes caracter\u00edstiques (per exemple, seleccionant l'idioma del lloc web clicant sobre la icona de la bandera que correspon), les galetes estaran exceptuades de les obligacions de l'article 22.2 de la LSSI per considerar-se un servei expressament sol\u00b7licitat per l'usuari, sempre que les galetes obeeixin a la finalitat seleccionada.<\/p>\n<p><span style=\"text-decoration: underline;\">Galetes d'an\u00e0lisi o mesura:<\/span> s\u00f3n aquelles que permeten al responsable de les mateixes el seguiment i an\u00e0lisi del comportament dels usuaris, inclosa la quantificaci\u00f3 dels impactes dels anuncis. La informaci\u00f3 recollida mitjan\u00e7ant aquest tipus de galetes s'utilitza en el mesurament de l'activitat del Lloc Web per introduir millores en funci\u00f3 de l'an\u00e0lisi de les dades d'\u00fas que fan els usuaris.<br>Cookies de publicitat comportamental: s\u00f3n aquelles que emmagatzemen informaci\u00f3 del comportament dels usuaris obtinguda a trav\u00e9s de l'observaci\u00f3 continuada dels seus h\u00e0bits de navegaci\u00f3, cosa que permet desenvolupar un perfil espec\u00edfic per mostrar publicitat en funci\u00f3 del mateix.<\/p>\n<p><strong>QUINES COOKIES UTILITZEM AL NOSTRE LLOC WEB?<\/strong><\/p>\n<p>Multi Cobertura Puig \u2013 Albert Puig Grimal utilitza les cookies seg\u00fcents:<\/p>\n<div id=\"listadodecookies\">\n<table style=\"border: 1px solid black;\">\n<tbody>\n<tr align=\"center\">\n<td style=\"border: 1px solid black;\">Nom<\/td>\n<td style=\"border: 1px solid black;\">Categoria<\/td>\n<td style=\"border: 1px solid black;\">Descripci\u00f3<\/td>\n<td style=\"border: 1px solid black;\">Propietat<\/td>\n<td style=\"border: 1px solid black;\">Durada<\/td>\n<\/tr>\n<tr id=\"_ga\" align=\"center\">\n<td style=\"border: 1px solid black;\">_ga<\/td>\n<td style=\"border: 1px solid black;\">An\u00e0lisi<\/td>\n<td style=\"border: 1px solid black;\">Es fa servir per distingir els usuaris.<\/td>\n<td style=\"border: 1px solid black;\">Tercers<\/td>\n<td style=\"border: 1px solid black;\">2 anys<\/td>\n<\/tr>\n<\/tbody>\n<\/table>\n<\/div>\n<p><strong>DURANT QUANT TEMPS CONSERVAREM LA INFORMACI\u00d3?<\/strong><\/p>\n<p>En compliment de l'art. 13.2 del Reglament (UE) 2016\/679, mantindrem la informaci\u00f3 recollida a trav\u00e9s de les cookies durant el temps imprescindible per complir amb les finalitats indicades a cada galeta.<br>En relaci\u00f3 amb les cookies de tercers, els terminis de conservaci\u00f3 podran ser consultats a les seves respectives Pol\u00edtiques de Privadesa i de Cookies que consten a la taula anterior.<\/p>\n<p><strong>COM CONFIGURAR O DESHABILITAR LES COOKIES?<\/strong><\/p>\n<p>La legitimaci\u00f3 de Multi Cobertura Puig \u2013 Albert Puig Grimal per a l'\u00fas de cookies est\u00e0 basada en el consentiment expr\u00e9s que se us demana, d'acord amb l'article 6.1.a) del Reglament (UE) 2016\/679.<\/p>\n<p>El consentiment que ens ha prestat \u00e9s aplicable a les cookies del present Lloc Web www.multicoberturapuig.com i dels llocs web dels tercers amb qu\u00e8 col\u00b7laborem, especificats a l'apartat \u201cquines cookies utilitzem al nostre lloc web?\u201d de la present Pol\u00edtica.<\/p>\n<p>Recuerde que en cualquier momento puede modificar o retirar su consentimiento a trav\u00e9s del banner situado en la parte inferior de nuestro Sitio Web (Gestiona tu consentimiento).<\/p>\n<p>Podeu restringir, bloquejar o esborrar les galetes instal\u00b7lades al vostre equip mitjan\u00e7ant la configuraci\u00f3 de les opcions del vostre navegador d'Internet:<\/p>\n<p>Google Chrome: https:\/\/support.google.com\/accounts\/answer\/61416?co=GENIE.Platform=Desktop&amp;hl=es#<br>Mozilla Firefox: https:\/\/support.mozilla.org\/es\/kb\/habilitar-y-deshabilitar-cookies-sitios-web-rastrear-preferencias<br>Internet Explorer: https:\/\/support.microsoft.com\/es-es\/topic\/eliminar-y-administrar-cookies-168dab11-0753-043d-7c16-ede5947fc64d<br>Safari: https:\/\/support.apple.com\/es-es\/guide\/safari\/sfri11471\/mac<\/p>\n<p><strong>INFORMACI\u00d3 ADDICIONAL<\/strong><\/p>\n<p>Per a totes aquelles q\u00fcestions referides a la privadesa i protecci\u00f3 de dades, pots consultar la nostra pol\u00edtica de privadesa.<\/p>\n<p>Aquesta Pol\u00edtica de Cookies compleix les directrius establertes pel Comit\u00e8 Europeu de Protecci\u00f3 de Dades adaptades a la Guia de Cookies de l'AEPD, ser\u00e0 objecte de modificaci\u00f3 sempre que sigui necessari per tal d'adaptar-la a l'actualitat legislativa de cada moment oa qualsevol variaci\u00f3 en el tipus de cookies utilitzades al Lloc Web. Per aix\u00f2, us recomanem revisar aquesta Pol\u00edtica cada vegada que accediu al nostre Lloc Web amb l'objectiu de mantenir-vos informats sobre com i per a qu\u00e8 fem servir les cookies.<\/p>\t\t\t\t\t\t\t\t<\/div>\n\t\t\t\t<\/div>\n\t\t\t\t\t<\/div>\n\t\t\t\t<\/div>\n\t\t\t\t<\/div>","protected":false},"excerpt":{"rendered":"<p>Multi Cobertura Puig &#8211; Albert Puig Grimal, titular de este Sitio Web www.multicoberturapuig.com, utiliza cookies propias y de terceros para distintas finalidades. Multi Cobertura Puig &#8211; Albert Puig Grimal recurre al uso de cookies a los efectos de cumplir con las exigencias legales previstas en la Ley 34\/2002, de 11 de julio, de servicios de [&hellip;]<\/p>","protected":false},"author":1,"featured_media":0,"parent":0,"menu_order":4,"comment_status":"closed","ping_status":"closed","template":"","meta":{"footnotes":""},"class_list":["post-206","page","type-page","status-publish","hentry"],"_links":{"self":[{"href":"https:\/\/multicoberturapuig.com\/cat\/wp-json\/wp\/v2\/pages\/206","targetHints":{"allow":["GET"]}}],"collection":[{"href":"https:\/\/multicoberturapuig.com\/cat\/wp-json\/wp\/v2\/pages"}],"about":[{"href":"https:\/\/multicoberturapuig.com\/cat\/wp-json\/wp\/v2\/types\/page"}],"author":[{"embeddable":true,"href":"https:\/\/multicoberturapuig.com\/cat\/wp-json\/wp\/v2\/users\/1"}],"replies":[{"embeddable":true,"href":"https:\/\/multicoberturapuig.com\/cat\/wp-json\/wp\/v2\/comments?post=206"}],"version-history":[{"count":11,"href":"https:\/\/multicoberturapuig.com\/cat\/wp-json\/wp\/v2\/pages\/206\/revisions"}],"predecessor-version":[{"id":471,"href":"https:\/\/multicoberturapuig.com\/cat\/wp-json\/wp\/v2\/pages\/206\/revisions\/471"}],"wp:attachment":[{"href":"https:\/\/multicoberturapuig.com\/cat\/wp-json\/wp\/v2\/media?parent=206"}],"curies":[{"name":"wp","href":"https:\/\/api.w.org\/{rel}","templated":true}]}}